{"id":103,"date":"2021-01-18T22:00:00","date_gmt":"2021-01-18T21:00:00","guid":{"rendered":"http:\/\/konkurs-polem.sarp.warszawa.pl\/?page_id=103"},"modified":"2021-10-14T12:52:15","modified_gmt":"2021-10-14T10:52:15","slug":"aktualnosci","status":"publish","type":"page","link":"https:\/\/konkurs-szpital-otwock.sarp.warszawa.pl\/","title":{"rendered":"Aktualno\u015bci"},"content":{"rendered":"\n<p><strong>14.10.2021<\/strong><br>Opublikowano informacj\u0119 o wynikach rozstrzygni\u0119cia Konkursu.<\/p>\n\n\n\n<p><a href=\"https:\/\/konkurs-szpital-otwock.sarp.warszawa.pl\/wp-content\/uploads\/2021\/10\/Oficjalna_Informacja_o_wynikach_rozstrzygniecia_Konkurs_Szpital_Otwock.pdf\" target=\"_blank\" rel=\"noreferrer noopener\">Oficjalna_Informacja_o_wynikach_rozstrzygniecia_Konkurs_Szpital_Otwock.pdf<\/a><\/p>\n\n\n\n<hr class=\"wp-block-separator\"\/>\n\n\n\n<p><strong>30.09.2021<\/strong><br>Organizator informuje, i\u017c oficjalne publiczne og\u0142oszenie wynik\u00f3w Konkursu odb\u0119dzie si\u0119 dnia 14 pa\u017adziernika 2021 roku o godz. 12:00. (czwartek) w siedzibie SARP, ul. Foksal 2 w Warszawie (I pi\u0119tro, sala konferencyjna).<\/p>\n\n\n\n<hr class=\"wp-block-separator\"\/>\n\n\n\n<p><strong>20.09.2021<\/strong><br>Opublikowano wyja\u015bnienia 7 tre\u015bci Regulaminu konkursu dotycz\u0105ce przygotowania i sk\u0142adania prac konkursowych (Pytanie 53 i 54).<br><a rel=\"noreferrer noopener\" href=\"https:\/\/konkurs-szpital-otwock.sarp.warszawa.pl\/wp-content\/uploads\/2021\/09\/Wyjasnienia-7-tresci-Regualminu-Konkurs-Szpital-Otwock.pdf\" target=\"_blank\">Wyja\u015bnienia 7 tre\u015bci Regulaminu Konkurs Szpital Otwock<\/a><\/p>\n\n\n\n<hr class=\"wp-block-separator\"\/>\n\n\n\n<p><strong>25.08.2021<\/strong><br>Opublikowano wyja\u015bnienia 6 tre\u015bci Regulaminu konkursu dotycz\u0105ce przygotowania i sk\u0142adania prac konkursowych (Pytanie 52).<br><a rel=\"noreferrer noopener\" href=\"https:\/\/konkurs-szpital-otwock.sarp.warszawa.pl\/wp-content\/uploads\/2021\/08\/Wyjasnienia-6-tresci-Regualminu-Konkurs-Szpital-Otwock.pdf\" target=\"_blank\">Wyja\u015bnienia 6 tre\u015bci Regulaminu Konkurs Szpital Otwock<\/a><\/p>\n\n\n\n<hr class=\"wp-block-separator\"\/>\n\n\n\n<p><strong>17.08.2021<\/strong><br>Opublikowano wyja\u015bnienia 5 tre\u015bci Regulaminu konkursu dotycz\u0105ce przygotowania i sk\u0142adania prac konkursowych (Pytania od 48 do 51).<\/p>\n\n\n\n<p><a href=\"https:\/\/konkurs-szpital-otwock.sarp.warszawa.pl\/wp-content\/uploads\/2021\/08\/Wyjasnienia-5-tresci-Regualminu-Konkurs-Szpital-Otwock.pdf\" target=\"_blank\" rel=\"noreferrer noopener\">Wyjasnienia 5 tre\u015bci Regulaminu Konkurs Szpital Otwock<\/a><\/p>\n\n\n\n<hr class=\"wp-block-separator\"\/>\n\n\n\n<p><strong>02.08.2021<\/strong><br>Organizator zamie\u015bci\u0142 informacj\u0119 o kwalifikacji Uczestnik\u00f3w konkursu do Etapu II Konkursu po przeprowadzonej przez S\u0105d konkursowy ocenie Opracowa\u0144 studialnych.<br><a rel=\"noreferrer noopener\" href=\"https:\/\/konkurs-szpital-otwock.sarp.warszawa.pl\/wp-content\/uploads\/2021\/08\/Informacja_o_kwalifikacji_do_Etapu_II_Konkursu_Szpital_Otwock.pdf\" target=\"_blank\">Informacja o kwalifikacji do Etapu II Konkursu Szpital Otwock<\/a><\/p>\n\n\n\n<hr class=\"wp-block-separator\"\/>\n\n\n\n<p><strong>05.07.2021<\/strong><br>Opublikowano&nbsp;rz\u0119dne wysoko\u015bciowe kondygnacji istniej\u0105cego budynku E na kt\u00f3rych maj\u0105 si\u0119 znale\u017a\u0107 \u0142\u0105czniki z projektowanym budynkiem szpitala.<br><a rel=\"noreferrer noopener\" href=\"https:\/\/konkurs-szpital-otwock.sarp.warszawa.pl\/wp-content\/uploads\/2021\/07\/Rzedne-laczniki-elewacja-polnocna-Budynek-E.pdf\" target=\"_blank\">Rz\u0119dne \u0142\u0105czniki elewacja p\u00f3\u0142nocna Budynek E<\/a><\/p>\n\n\n\n<hr class=\"wp-block-separator\"\/>\n\n\n\n<p><strong>02.07.2021<\/strong><br>Opublikowano wyja\u015bnienia 4 tre\u015bci Regulaminu konkursu dotycz\u0105ce&nbsp;przygotowania i sk\u0142adania&nbsp;Opracowa\u0144 studialnych.<br><a rel=\"noreferrer noopener\" href=\"https:\/\/konkurs-szpital-otwock.sarp.warszawa.pl\/wp-content\/uploads\/2021\/07\/Wyjasnienia-4_tresci_Regualminu_Konkurs_Szpital_Otwock.pdf\" target=\"_blank\">Wyja\u015bnienia 4 tre\u015bci Regulaminu Konkurs&nbsp;Szpital Otwock<\/a><\/p>\n\n\n\n<hr class=\"wp-block-separator\"\/>\n\n\n\n<p><strong>01.07.2021<\/strong><br>Opublikowano wyja\u015bnienia 3 tre\u015bci Regulaminu konkursu dotycz\u0105ce&nbsp;przygotowania i sk\u0142adania&nbsp;Opracowa\u0144 studialnych.<br><a rel=\"noreferrer noopener\" href=\"https:\/\/konkurs-szpital-otwock.sarp.warszawa.pl\/wp-content\/uploads\/2021\/07\/Wyjasnienia-3_tresci_Regualminu_Konkurs_Szpital_Otwock.pdf\" target=\"_blank\">Wyja\u015bnienia 3 tre\u015bci Regulaminu Konkurs&nbsp;Szpital Otwock<\/a><\/p>\n\n\n\n<hr class=\"wp-block-separator\"\/>\n\n\n\n<p><strong>29.06.2021<\/strong><br>Opublikowano Za\u0142\u0105cznik nr 6b do Regulaminu konkursu.<br><a href=\"https:\/\/konkurs-szpital-otwock.sarp.warszawa.pl\/wp-content\/uploads\/2021\/06\/Zalacznik_nr_6b.xlsx\" target=\"_blank\" rel=\"noreferrer noopener\">Zalacznik_nr_6b_do_Regulaminu_konkursu<\/a><\/p>\n\n\n\n<hr class=\"wp-block-separator\"\/>\n\n\n\n<p><strong>17.06.2021<\/strong><br>Opublikowano informacj\u0119 o wynikach dopuszczenia do udzia\u0142u w konkursie.<br><a rel=\"noreferrer noopener\" href=\"https:\/\/konkurs-szpital-otwock.sarp.warszawa.pl\/wp-content\/uploads\/2021\/06\/Informacja-o-wynikach-dopuszczenia-do-udzialu-w-Konkursie-Szpital_Otwock.pdf\" target=\"_blank\">Informacja-o-wynikach-dopuszczenia-do-udzialu-w-Konkursie-Szpital_Otwock<\/a><\/p>\n\n\n\n<hr class=\"wp-block-separator\"\/>\n\n\n\n<p><strong>27.05.2021<\/strong><br>Opublikowano wyja\u015bnienia&nbsp;2 tre\u015bci Regulaminu konkursu dotycz\u0105ce&nbsp;przygotowania i sk\u0142adania&nbsp;wniosk\u00f3w o dopuszczenie do udzia\u0142u&nbsp;w konkursie (pytania 6 do20).<br><a rel=\"noreferrer noopener\" href=\"https:\/\/konkurs-szpital-otwock.sarp.warszawa.pl\/wp-content\/uploads\/2021\/05\/Wyjasnienia-2_tresci_Regualminu_Konkurs_Szpital_Otwock.pdf\" target=\"_blank\">Wyjasnienia 2_tresci_Regualminu_Konkurs_Szpital_Otwock_pytania_6_do_20<\/a><\/p>\n\n\n\n<hr class=\"wp-block-separator\"\/>\n\n\n\n<p><strong>24.05.2021<\/strong><br>W zwi\u0105zku z udzielonymi przez&nbsp;Organizatora&nbsp;wyja\u015bnieniami&nbsp;tre\u015bci Regulaminu konkursu dotycz\u0105cymi przygotowania&nbsp;i sk\u0142adania&nbsp;wniosk\u00f3w o dopuszczenie zmianie ulega&nbsp;tre\u015b\u0107 Regulaminu konkursu oraz tre\u015b\u0107 Za\u0142\u0105cznika&nbsp;nr 3a do Regulaminu. Poni\u017cej publikujemy do pobrania oba dokumenty&nbsp;po zmianach. Zmienione&nbsp;tre\u015bci zosta\u0142y oznaczone w tych dokumentach kolorem czerwonym.<br><a rel=\"noreferrer noopener\" href=\"https:\/\/konkurs-szpital-otwock.sarp.warszawa.pl\/wp-content\/uploads\/2021\/05\/REGULAMIN_KONKURSU_SZPITAL_OTWOCK_zmiana_tresci_nr_1_24_05_2021.pdf\" target=\"_blank\">REGULAMIN_KONKURSU_SZPITAL_OTWOCK_zmiana_tre\u015bci_nr_1_24_05_2021<\/a><br><a rel=\"noreferrer noopener\" href=\"https:\/\/konkurs-szpital-otwock.sarp.warszawa.pl\/wp-content\/uploads\/2021\/05\/Zalacznik_nr_3a_zmiana_tresci_24_05_2021.docx\" target=\"_blank\">Zalacznik_nr_3a_zmiana_tre\u015bci_24_05_2021<\/a><\/p>\n\n\n\n<hr class=\"wp-block-separator\"\/>\n\n\n\n<p><strong>24.05.2021<\/strong><br>Opublikowano wyja\u015bnienia&nbsp;1 tre\u015bci Regulaminu konkursu dotycz\u0105ce&nbsp;przygotowania i sk\u0142adania&nbsp;wniosk\u00f3w o dopuszczenie do udzia\u0142u&nbsp;w konkursie.<br><a href=\"https:\/\/konkurs-szpital-otwock.sarp.warszawa.pl\/wp-content\/uploads\/2021\/05\/Wyjasnienia-1_tresci_Regualminu_Konkurs_Szpital_Otwock.pdf\" target=\"_blank\" rel=\"noreferrer noopener\">Wyjasnienia 1_tresci_Regualminu_Konkurs_Szpital_Otwock<\/a><\/p>\n\n\n\n<hr class=\"wp-block-separator\"\/>\n\n\n\n<p><strong>14.05.2021<\/strong><br>W Dzienniku Urz\u0119dowym&nbsp;Unii Europejskiej zosta\u0142o opublikowane og\u0142oszenie o Konkursie.<br><a rel=\"noreferrer noopener\" href=\"https:\/\/konkurs-szpital-otwock.sarp.warszawa.pl\/wp-content\/uploads\/2021\/05\/Ogloszenie-o-konkursie-opublikowane-w-DZUUE-w-dniu-14.05.2021.pdf\" target=\"_blank\">Og\u0142oszenie o konkursie opublikowane w DZUUE w dniu 14.05.2021<\/a><\/p>\n\n\n\n<hr class=\"wp-block-separator\"\/>\n\n\n\n<p><strong>10.05.2021<\/strong><br>Og\u0142oszenie o konkursie zosta\u0142o przekazane Urz\u0119dowi Publikacji Unii Europejskiej.<br><a rel=\"noreferrer noopener\" href=\"https:\/\/konkurs-szpital-otwock.sarp.warszawa.pl\/wp-content\/uploads\/2021\/05\/Ogloszenie-o-Konkursie-przeslane-do-publikacji-w-DUUE.pdf\" target=\"_blank\">Ogloszenie_Konkurs_Szpital Otwock_przekazane.pdf<\/a><\/p>\n","protected":false},"excerpt":{"rendered":"<p>14.10.2021Opublikowano informacj\u0119 o wynikach rozstrzygni\u0119cia Konkursu. Oficjalna_Informacja_o_wynikach_rozstrzygniecia_Konkurs_Szpital_Otwock.pdf 30.09.2021Organizator informuje, i\u017c oficjalne publiczne og\u0142oszenie wynik\u00f3w Konkursu odb\u0119dzie si\u0119 dnia 14 pa\u017adziernika 2021 roku o godz. 12:00. (czwartek) w siedzibie SARP, ul. Foksal 2 w Warszawie (I pi\u0119tro, sala konferencyjna). 20.09.2021Opublikowano wyja\u015bnienia<span class=\"ellipsis\">&hellip;<\/span><\/p>\n<div class=\"read-more\"><a href=\"https:\/\/konkurs-szpital-otwock.sarp.warszawa.pl\/\">Czytaj wi\u0119cej <span class=\"screen-reader-text\">Aktualno\u015bci<\/span><span class=\"meta-nav\"> &#8250;<\/span><\/a><\/div>\n<p><!-- end of .read-more --><\/p>\n","protected":false},"author":1,"featured_media":0,"parent":0,"menu_order":0,"comment_status":"closed","ping_status":"closed","template":"","meta":[],"_links":{"self":[{"href":"https:\/\/konkurs-szpital-otwock.sarp.warszawa.pl\/index.php\/wp-json\/wp\/v2\/pages\/103"}],"collection":[{"href":"https:\/\/konkurs-szpital-otwock.sarp.warszawa.pl\/index.php\/wp-json\/wp\/v2\/pages"}],"about":[{"href":"https:\/\/konkurs-szpital-otwock.sarp.warszawa.pl\/index.php\/wp-json\/wp\/v2\/types\/page"}],"author":[{"embeddable":true,"href":"https:\/\/konkurs-szpital-otwock.sarp.warszawa.pl\/index.php\/wp-json\/wp\/v2\/users\/1"}],"replies":[{"embeddable":true,"href":"https:\/\/konkurs-szpital-otwock.sarp.warszawa.pl\/index.php\/wp-json\/wp\/v2\/comments?post=103"}],"version-history":[{"count":31,"href":"https:\/\/konkurs-szpital-otwock.sarp.warszawa.pl\/index.php\/wp-json\/wp\/v2\/pages\/103\/revisions"}],"predecessor-version":[{"id":956,"href":"https:\/\/konkurs-szpital-otwock.sarp.warszawa.pl\/index.php\/wp-json\/wp\/v2\/pages\/103\/revisions\/956"}],"wp:attachment":[{"href":"https:\/\/konkurs-szpital-otwock.sarp.warszawa.pl\/index.php\/wp-json\/wp\/v2\/media?parent=103"}],"curies":[{"name":"wp","href":"https:\/\/api.w.org\/{rel}","templated":true}]}}