{"id":25,"date":"2018-01-21T22:00:55","date_gmt":"2018-01-21T22:00:55","guid":{"rendered":"http:\/\/konkurs-uw.sarp.warszawa.pl\/?page_id=25"},"modified":"2021-05-11T12:11:17","modified_gmt":"2021-05-11T10:11:17","slug":"harmonogram","status":"publish","type":"page","link":"https:\/\/konkurs-szpital-otwock.sarp.warszawa.pl\/index.php\/harmonogram\/","title":{"rendered":"Harmonogram"},"content":{"rendered":"\n<figure class=\"wp-block-table is-style-regular\"><table><tbody><tr><td><strong>ETAP I KONKUSU<\/strong><\/td><\/tr><tr><td>4.1.<\/td><td><a>Og\u0142oszenie o konkursie zosta\u0142o przekazane Urz\u0119dowi Publikacji<br>Unii Europejskiej<\/a>.<\/td><td><strong>10.05.2021<\/strong><\/td><\/tr><tr><td>4.2.<\/td><td>Ostateczny termin sk\u0142adania poprzez Platform\u0119 komunikacji elektronicznej wniosk\u00f3w o wyja\u015bnienie tre\u015bci Regulaminu konkursu dotycz\u0105cych przygotowania i sk\u0142adania wniosk\u00f3w o dopuszczenie do udzia\u0142u w konkursie. &nbsp; Organizator udzieli wyja\u015bnie\u0144 poprzez Platform\u0119 komunikacji elektronicznej niezw\u0142ocznie, jednak nie p\u00f3\u017aniej ni\u017c na 2 dni przed up\u0142ywem terminu sk\u0142adania wniosk\u00f3w o dopuszczenie do udzia\u0142u w&nbsp;konkursie.<\/td><td>do dnia<strong> 25.05.2021<\/strong><\/td><\/tr><tr><td>4.3.<\/td><td>Ostateczny termin sk\u0142adania <a>poprzez Platform\u0119 komunikacji elektronicznej <\/a>wniosk\u00f3w o dopuszczenie do udzia\u0142u w Konkursie <a>oraz podmiotowych \u015brodk\u00f3w dowodowych, o\u015bwiadcze\u0144 i dokument\u00f3w<\/a> na potwierdzenie spe\u0142nienia wymaga\u0144 okre\u015blonych przez Organizatora. &nbsp; <em>Organizator uzyska dost\u0119p do powy\u017cszych dokument\u00f3w elektronicznych dopiero po terminie ich z\u0142o\u017cenia.<\/em><\/td><td>do dnia<strong> 01.06.2021<\/strong><br>do godziny<strong> 12:00<\/strong><\/td><\/tr><tr><td>4.4.<\/td><td>Ostateczny termin poinformowania Uczestnik\u00f3w konkursu o&nbsp;dopuszczeniu do udzia\u0142u w Konkursie oraz zaproszenie do sk\u0142adania opracowa\u0144 studialnych Etapu I lub powiadomienie o niedopuszczeniu do udzia\u0142u w Konkursie.<\/td><td>do dnia<strong> 17.06.2021<\/strong><\/td><\/tr><tr><td>4.5.<\/td><td>Ostateczny termin sk\u0142adania poprzez Platform\u0119 komunikacji elektronicznej wniosk\u00f3w o wyja\u015bnienie tre\u015bci Regulaminu konkursu dotycz\u0105cych przygotowania i sk\u0142adania Opracowa\u0144 studialnych. &nbsp; Organizator udzieli wyja\u015bnie\u0144 poprzez Platform\u0119 komunikacji elektronicznej niezw\u0142ocznie.<\/td><td>do dnia<strong> 01.07.2021<\/strong> \u00a0<\/td><\/tr><tr><td>4.6.<\/td><td>Ostateczny termin sk\u0142adania Opracowa\u0144 studialnych. &nbsp; Opracowania studialne w postaci elektronicznej nale\u017cy sk\u0142ada\u0107 poprzez Platform\u0119 komunikacji elektronicznej. <em>Organizator uzyska dost\u0119p do powy\u017cszych dokument\u00f3w elektronicznych dopiero po terminie ich z\u0142o\u017cenia<\/em>. &nbsp; Opracowania studialne w postaci papierowej nale\u017cy sk\u0142ada\u0107 na adres korespondencyjny wskazany w Rozdziale I pkt 1.2.<\/td><td>do dnia<strong> 19.07.2021<\/strong><br>do godziny 15:00<\/td><\/tr><tr><td>4.7.<\/td><td>Ostateczny termin powiadomienia poprzez Platform\u0119 komunikacji elektronicznej Uczestnik\u00f3w konkursu o kwalifikacji do Etapu II Konkursu oraz zaproszenia tych Uczestnik\u00f3w do sk\u0142adania Prac konkursowych.<\/td><td>do dnia <strong>03.08.2021<\/strong><\/td><\/tr><tr><td><strong>ETAP II KONKURSU<\/strong><\/td><\/tr><tr><td>4.8.<\/td><td>Ostateczny termin sk\u0142adania poprzez Platform\u0119 komunikacji elektronicznej wniosk\u00f3w o wyja\u015bnienie tre\u015bci Regulaminu konkursu dotycz\u0105cych przygotowania i sk\u0142adania Prac konkursowych. <strong>&nbsp;<\/strong> Organizator udzieli wyja\u015bnie\u0144 poprzez Platform\u0119 komunikacji elektronicznej niezw\u0142ocznie.<\/td><td>do dnia<strong> 31.08.2021<\/strong><\/td><\/tr><tr><td>4.9.<\/td><td>Ostateczny termin sk\u0142adania Prac konkursowych. &nbsp; Prace konkursowe w postaci elektronicznej nale\u017cy sk\u0142ada\u0107 poprzez Platform\u0119 komunikacji elektronicznej. <em>Organizator uzyska dost\u0119p do powy\u017cszych dokument\u00f3w elektronicznych dopiero po terminie ich z\u0142o\u017cenia<\/em>. &nbsp; Prace konkursowe w postaci papierowej w tym tak\u017ce model fizyczny makiety nale\u017cy sk\u0142ada\u0107 na adres korespondencyjny Organizatora wskazany w Rozdziale I pkt 1.<\/td><td>do dnia<strong> 01.10.2021<\/strong> do godziny 15:00<\/td><\/tr><tr><td>4.10.<\/td><td>Og\u0142oszenie wynik\u00f3w Konkursu na Stronie internetowej konkursu<br>oraz zawiadomienie poprzez Platform\u0119 komunikacji elektronicznej Uczestnik\u00f3w konkursu o wynikach rozstrzygni\u0119cia konkursu. &nbsp; W przypadku, gdy Organizator b\u0119dzie organizowa\u0142 oficjalne, publiczne og\u0142oszenie wynik\u00f3w Konkursu, o miejscu i godzinie tego wydarzenia Uczestnicy konkursu zostan\u0105 powiadomieni odr\u0119bnie.<\/td><td>w dniu<strong> 14.10.2021<\/strong><\/td><\/tr><tr><td>4.11.<\/td><td>Ewentualna wystawa pokonkursowa.<\/td><td>od dnia<strong> 14.10.2021<\/strong><br>do dnia <strong>\u00a022.10.2021<\/strong><\/td><\/tr><tr><td>4.12.<\/td><td>Ewentualna dyskusja pokonkursowa.<\/td><td>w dniu<strong> 21.10.2021<\/strong><\/td><\/tr><\/tbody><\/table><\/figure>\n","protected":false},"excerpt":{"rendered":"<p>ETAP I KONKUSU 4.1. Og\u0142oszenie o konkursie zosta\u0142o przekazane Urz\u0119dowi PublikacjiUnii Europejskiej. 10.05.2021 4.2. Ostateczny termin sk\u0142adania poprzez Platform\u0119 komunikacji elektronicznej wniosk\u00f3w o wyja\u015bnienie tre\u015bci Regulaminu konkursu dotycz\u0105cych przygotowania i sk\u0142adania wniosk\u00f3w o dopuszczenie do udzia\u0142u w konkursie. &nbsp; Organizator<span class=\"ellipsis\">&hellip;<\/span><\/p>\n<div class=\"read-more\"><a href=\"https:\/\/konkurs-szpital-otwock.sarp.warszawa.pl\/index.php\/harmonogram\/\">Czytaj wi\u0119cej <span class=\"screen-reader-text\">Harmonogram<\/span><span class=\"meta-nav\"> &#8250;<\/span><\/a><\/div>\n<p><!-- end of .read-more --><\/p>\n","protected":false},"author":1,"featured_media":0,"parent":0,"menu_order":0,"comment_status":"closed","ping_status":"closed","template":"","meta":[],"_links":{"self":[{"href":"https:\/\/konkurs-szpital-otwock.sarp.warszawa.pl\/index.php\/wp-json\/wp\/v2\/pages\/25"}],"collection":[{"href":"https:\/\/konkurs-szpital-otwock.sarp.warszawa.pl\/index.php\/wp-json\/wp\/v2\/pages"}],"about":[{"href":"https:\/\/konkurs-szpital-otwock.sarp.warszawa.pl\/index.php\/wp-json\/wp\/v2\/types\/page"}],"author":[{"embeddable":true,"href":"https:\/\/konkurs-szpital-otwock.sarp.warszawa.pl\/index.php\/wp-json\/wp\/v2\/users\/1"}],"replies":[{"embeddable":true,"href":"https:\/\/konkurs-szpital-otwock.sarp.warszawa.pl\/index.php\/wp-json\/wp\/v2\/comments?post=25"}],"version-history":[{"count":2,"href":"https:\/\/konkurs-szpital-otwock.sarp.warszawa.pl\/index.php\/wp-json\/wp\/v2\/pages\/25\/revisions"}],"predecessor-version":[{"id":803,"href":"https:\/\/konkurs-szpital-otwock.sarp.warszawa.pl\/index.php\/wp-json\/wp\/v2\/pages\/25\/revisions\/803"}],"wp:attachment":[{"href":"https:\/\/konkurs-szpital-otwock.sarp.warszawa.pl\/index.php\/wp-json\/wp\/v2\/media?parent=25"}],"curies":[{"name":"wp","href":"https:\/\/api.w.org\/{rel}","templated":true}]}}