{"id":684,"date":"2021-04-30T17:51:26","date_gmt":"2021-04-30T15:51:26","guid":{"rendered":"https:\/\/konkurs-izabelin.sarp.warszawa.pl\/?page_id=684"},"modified":"2021-05-11T12:08:09","modified_gmt":"2021-05-11T10:08:09","slug":"platforma-komunikacji-elektronicznej","status":"publish","type":"page","link":"https:\/\/konkurs-szpital-otwock.sarp.warszawa.pl\/index.php\/platforma-komunikacji-elektronicznej\/","title":{"rendered":"Platforma komunikacji elektronicznej"},"content":{"rendered":"\n<p>Komunikacja w Konkursie, w tym sk\u0142adanie wniosk\u00f3w o dopuszczenie do udzia\u0142u w konkursie, sk\u0142adanie Prac konkursowych, sk\u0142adanie wniosk\u00f3w o wyja\u015bnienie tre\u015bci Regulaminu konkursu, wymiana informacji oraz przekazywanie dokument\u00f3w lub o\u015bwiadcze\u0144 mi\u0119dzy Organizatorem a Uczestnikiem konkursu lub podmiotami zainteresowanymi udzia\u0142em w Konkursie odbywa si\u0119 wy\u0142\u0105cznie przy u\u017cyciu Platformy komunikacji elektronicznej z zastrze\u017ceniem Rozdzia\u0142u IV pkt 3.1. lit. b. oraz Rozdzia\u0142u VI pkt 3.1. lit. b.<\/p>\n\n\n\n<p>Uczestnik konkursu zamierzaj\u0105cy komunikowa\u0107 si\u0119 z Organizatorem w powy\u017cszym zakresie zobowi\u0105zany jest za\u0142o\u017cy\u0107 konto na Platformie do komunikacji elektronicznej.<\/p>\n\n\n\n<p>Za\u0142o\u017cenie konta oznacza konieczno\u015b\u0107 akceptacji regulaminu Platformy i zapoznania si\u0119 z instrukcjami korzystania z konta na Platformie, dost\u0119pnymi po zalogowaniu.<\/p>\n\n\n\n<p><a href=\"http:\/\/www.soldea.pl\/epz\/epz\/\" target=\"_blank\" rel=\"noreferrer noopener\">www.soldea.pl\/epz\/epz\/<\/a><\/p>\n\n\n\n<p><strong>UWAGA:<\/strong><\/p>\n\n\n\n<ol><li>Instrukcja sk\u0142adania wszelkich dokument\u00f3w elektronicznych oraz innych informacji (w tym pyta\u0144 do Organizatora) poprzez Platform\u0119 komunikacji elektronicznej pokazana zosta\u0142a w filmie instrukta\u017cowym:<\/li><\/ol>\n\n\n\n<p><a rel=\"noreferrer noopener\" href=\"https:\/\/www.youtube.com\/watch?v=FEpOx1P0Fds\" target=\"_blank\">Zam\u00f3wienia Publiczne &#8211; Konkurs &#8211; Film instruktarzowy &#8211; YouTube<\/a><\/p>\n\n\n\n<ol start=\"2\"><li>Informacje o wymaganiach technicznych i organizacyjnych sporz\u0105dzania, wysy\u0142ania i odbierania plik\u00f3w w komunikacji elektronicznej:<\/li><\/ol>\n\n\n\n<p><a rel=\"noreferrer noopener\" href=\"https:\/\/www.konkurs-szpital-otwock.sarp.warszawa.pl\/wp-content\/uploads\/2021\/05\/INFORMACJE_PLATFORMA_KOMUNIKACJI.pdf\" target=\"_blank\">Informacje_platforma_komunikacji.pdf<\/a><\/p>\n","protected":false},"excerpt":{"rendered":"<p>Komunikacja w Konkursie, w tym sk\u0142adanie wniosk\u00f3w o dopuszczenie do udzia\u0142u w konkursie, sk\u0142adanie Prac konkursowych, sk\u0142adanie wniosk\u00f3w o wyja\u015bnienie tre\u015bci Regulaminu konkursu, wymiana informacji oraz przekazywanie dokument\u00f3w lub o\u015bwiadcze\u0144 mi\u0119dzy Organizatorem a Uczestnikiem konkursu lub podmiotami zainteresowanymi udzia\u0142em w<span class=\"ellipsis\">&hellip;<\/span><\/p>\n<div class=\"read-more\"><a href=\"https:\/\/konkurs-szpital-otwock.sarp.warszawa.pl\/index.php\/platforma-komunikacji-elektronicznej\/\">Czytaj wi\u0119cej <span class=\"screen-reader-text\">Platforma komunikacji elektronicznej<\/span><span class=\"meta-nav\"> &#8250;<\/span><\/a><\/div>\n<p><!-- end of .read-more --><\/p>\n","protected":false},"author":1,"featured_media":0,"parent":0,"menu_order":0,"comment_status":"closed","ping_status":"closed","template":"","meta":[],"_links":{"self":[{"href":"https:\/\/konkurs-szpital-otwock.sarp.warszawa.pl\/index.php\/wp-json\/wp\/v2\/pages\/684"}],"collection":[{"href":"https:\/\/konkurs-szpital-otwock.sarp.warszawa.pl\/index.php\/wp-json\/wp\/v2\/pages"}],"about":[{"href":"https:\/\/konkurs-szpital-otwock.sarp.warszawa.pl\/index.php\/wp-json\/wp\/v2\/types\/page"}],"author":[{"embeddable":true,"href":"https:\/\/konkurs-szpital-otwock.sarp.warszawa.pl\/index.php\/wp-json\/wp\/v2\/users\/1"}],"replies":[{"embeddable":true,"href":"https:\/\/konkurs-szpital-otwock.sarp.warszawa.pl\/index.php\/wp-json\/wp\/v2\/comments?post=684"}],"version-history":[{"count":1,"href":"https:\/\/konkurs-szpital-otwock.sarp.warszawa.pl\/index.php\/wp-json\/wp\/v2\/pages\/684\/revisions"}],"predecessor-version":[{"id":800,"href":"https:\/\/konkurs-szpital-otwock.sarp.warszawa.pl\/index.php\/wp-json\/wp\/v2\/pages\/684\/revisions\/800"}],"wp:attachment":[{"href":"https:\/\/konkurs-szpital-otwock.sarp.warszawa.pl\/index.php\/wp-json\/wp\/v2\/media?parent=684"}],"curies":[{"name":"wp","href":"https:\/\/api.w.org\/{rel}","templated":true}]}}